{"id":972,"date":"2020-10-28T10:14:06","date_gmt":"2020-10-28T10:14:06","guid":{"rendered":"http:\/\/salgadoaluminios.com\/?page_id=972"},"modified":"2020-11-06T10:25:27","modified_gmt":"2020-11-06T10:25:27","slug":"muro-de-cortina","status":"publish","type":"page","link":"https:\/\/salgadoaluminios.com\/?page_id=972","title":{"rendered":"MURO DE CORTINA"},"content":{"rendered":"\n<div class=\"wp-block-image\"><figure class=\"alignleft size-large is-resized\"><img loading=\"lazy\" decoding=\"async\" src=\"http:\/\/salgadoaluminios.com\/wp-content\/uploads\/2020\/10\/04_09.jpg\" alt=\"\" class=\"wp-image-973\" width=\"219\" height=\"250\" srcset=\"https:\/\/salgadoaluminios.com\/wp-content\/uploads\/2020\/10\/04_09.jpg 875w, https:\/\/salgadoaluminios.com\/wp-content\/uploads\/2020\/10\/04_09-263x300.jpg 263w, https:\/\/salgadoaluminios.com\/wp-content\/uploads\/2020\/10\/04_09-768x878.jpg 768w\" sizes=\"auto, (max-width: 219px) 100vw, 219px\" \/><\/figure><\/div>\n\n\n\n<p style=\"font-size:18px\">Un&nbsp;<strong>muro cortina<\/strong>&nbsp;es un sistema de&nbsp;<a href=\"https:\/\/es.wikipedia.org\/wiki\/Fachada\">fachada<\/a>&nbsp;autoportante, generalmente ligera y acristalada, independiente de la&nbsp;<a href=\"https:\/\/es.wikipedia.org\/wiki\/Sistema_estructural\">estructura<\/a>&nbsp;resistente del&nbsp;<a href=\"https:\/\/es.wikipedia.org\/wiki\/Edificio\">edificio<\/a>, que se construye de forma continua por delante de ella. Un muro cortina est\u00e1 dise\u00f1ado para resistir la&nbsp;<a href=\"https:\/\/es.wikipedia.org\/wiki\/Fuerza\">fuerza<\/a>&nbsp;del&nbsp;<a href=\"https:\/\/es.wikipedia.org\/wiki\/Viento\">viento<\/a>, as\u00ed como su propio peso, y transmitirla a los&nbsp;<a href=\"https:\/\/es.wikipedia.org\/wiki\/Forjado\">forjados<\/a>. Generalmente los muros cortina se construyen mediante la repetici\u00f3n de un elemento prefabricado modulado que incluye los necesarios elementos de protecci\u00f3n, apertura y accesibilidad seg\u00fan las necesidades.<\/p>\n\n\n\n<p style=\"font-size:18px\">Desde el punto de vista de su aspecto exterior se pueden clasificar en dos tipos:<\/p>\n\n\n\n<ul class=\"wp-block-list\"><li>De perfiler\u00eda vista: desde el exterior del edificio se pueden apreciar los bastidores met\u00e1licos que soportan el muro, como el aluminio, la denominada \u00abtapa o tapeta\u00bb.<\/li><\/ul>\n\n\n\n<ul class=\"wp-block-list\"><li>De silicona estructural: desde el exterior de la fachada, solo se pueden ver los diferentes vidrios; quedando oculta a la vista la estructura del muro, solo visible por el lado interior<\/li><\/ul>\n\n\n\n<figure class=\"wp-block-gallery columns-3 is-cropped wp-block-gallery-1 is-layout-flex wp-block-gallery-is-layout-flex\"><ul class=\"blocks-gallery-grid\"><li class=\"blocks-gallery-item\"><figure><img loading=\"lazy\" decoding=\"async\" width=\"958\" height=\"480\" src=\"http:\/\/salgadoaluminios.com\/wp-content\/uploads\/2020\/10\/12419299_114443052275810_6617275228289600755_o.jpg\" alt=\"\" data-id=\"975\" data-link=\"http:\/\/salgadoaluminios.com\/?attachment_id=975\" class=\"wp-image-975\" srcset=\"https:\/\/salgadoaluminios.com\/wp-content\/uploads\/2020\/10\/12419299_114443052275810_6617275228289600755_o.jpg 958w, https:\/\/salgadoaluminios.com\/wp-content\/uploads\/2020\/10\/12419299_114443052275810_6617275228289600755_o-300x150.jpg 300w, https:\/\/salgadoaluminios.com\/wp-content\/uploads\/2020\/10\/12419299_114443052275810_6617275228289600755_o-768x385.jpg 768w\" sizes=\"auto, (max-width: 958px) 100vw, 958px\" \/><\/figure><\/li><li class=\"blocks-gallery-item\"><figure><img loading=\"lazy\" decoding=\"async\" width=\"960\" height=\"720\" src=\"http:\/\/salgadoaluminios.com\/wp-content\/uploads\/2020\/10\/12633675_109600946093354_2364854422675195020_o-1.jpg\" alt=\"\" data-id=\"976\" data-link=\"http:\/\/salgadoaluminios.com\/?attachment_id=976\" class=\"wp-image-976\" srcset=\"https:\/\/salgadoaluminios.com\/wp-content\/uploads\/2020\/10\/12633675_109600946093354_2364854422675195020_o-1.jpg 960w, https:\/\/salgadoaluminios.com\/wp-content\/uploads\/2020\/10\/12633675_109600946093354_2364854422675195020_o-1-300x225.jpg 300w, https:\/\/salgadoaluminios.com\/wp-content\/uploads\/2020\/10\/12633675_109600946093354_2364854422675195020_o-1-768x576.jpg 768w, https:\/\/salgadoaluminios.com\/wp-content\/uploads\/2020\/10\/12633675_109600946093354_2364854422675195020_o-1-600x450.jpg 600w\" sizes=\"auto, (max-width: 960px) 100vw, 960px\" \/><\/figure><\/li><li class=\"blocks-gallery-item\"><figure><img loading=\"lazy\" decoding=\"async\" width=\"960\" height=\"720\" src=\"http:\/\/salgadoaluminios.com\/wp-content\/uploads\/2020\/10\/12646717_109595559427226_984780999444990011_o.jpg\" alt=\"\" data-id=\"977\" data-link=\"http:\/\/salgadoaluminios.com\/?attachment_id=977\" class=\"wp-image-977\" srcset=\"https:\/\/salgadoaluminios.com\/wp-content\/uploads\/2020\/10\/12646717_109595559427226_984780999444990011_o.jpg 960w, https:\/\/salgadoaluminios.com\/wp-content\/uploads\/2020\/10\/12646717_109595559427226_984780999444990011_o-300x225.jpg 300w, https:\/\/salgadoaluminios.com\/wp-content\/uploads\/2020\/10\/12646717_109595559427226_984780999444990011_o-768x576.jpg 768w, https:\/\/salgadoaluminios.com\/wp-content\/uploads\/2020\/10\/12646717_109595559427226_984780999444990011_o-600x450.jpg 600w\" sizes=\"auto, (max-width: 960px) 100vw, 960px\" \/><\/figure><\/li><li class=\"blocks-gallery-item\"><figure><img loading=\"lazy\" decoding=\"async\" width=\"960\" height=\"720\" src=\"http:\/\/salgadoaluminios.com\/wp-content\/uploads\/2020\/10\/12696935_109597419427040_2103725237209119844_o.jpg\" alt=\"\" data-id=\"979\" data-link=\"http:\/\/salgadoaluminios.com\/?attachment_id=979\" class=\"wp-image-979\" srcset=\"https:\/\/salgadoaluminios.com\/wp-content\/uploads\/2020\/10\/12696935_109597419427040_2103725237209119844_o.jpg 960w, https:\/\/salgadoaluminios.com\/wp-content\/uploads\/2020\/10\/12696935_109597419427040_2103725237209119844_o-300x225.jpg 300w, https:\/\/salgadoaluminios.com\/wp-content\/uploads\/2020\/10\/12696935_109597419427040_2103725237209119844_o-768x576.jpg 768w, https:\/\/salgadoaluminios.com\/wp-content\/uploads\/2020\/10\/12696935_109597419427040_2103725237209119844_o-600x450.jpg 600w\" sizes=\"auto, (max-width: 960px) 100vw, 960px\" \/><\/figure><\/li><li class=\"blocks-gallery-item\"><figure><img loading=\"lazy\" decoding=\"async\" width=\"960\" height=\"720\" src=\"http:\/\/salgadoaluminios.com\/wp-content\/uploads\/2020\/10\/12698386_109599102760205_8179884884608602260_o-1.jpg\" alt=\"\" data-id=\"980\" data-link=\"http:\/\/salgadoaluminios.com\/?attachment_id=980\" class=\"wp-image-980\" srcset=\"https:\/\/salgadoaluminios.com\/wp-content\/uploads\/2020\/10\/12698386_109599102760205_8179884884608602260_o-1.jpg 960w, https:\/\/salgadoaluminios.com\/wp-content\/uploads\/2020\/10\/12698386_109599102760205_8179884884608602260_o-1-300x225.jpg 300w, https:\/\/salgadoaluminios.com\/wp-content\/uploads\/2020\/10\/12698386_109599102760205_8179884884608602260_o-1-768x576.jpg 768w, https:\/\/salgadoaluminios.com\/wp-content\/uploads\/2020\/10\/12698386_109599102760205_8179884884608602260_o-1-600x450.jpg 600w\" sizes=\"auto, (max-width: 960px) 100vw, 960px\" \/><\/figure><\/li><li class=\"blocks-gallery-item\"><figure><img loading=\"lazy\" decoding=\"async\" width=\"640\" height=\"480\" src=\"http:\/\/salgadoaluminios.com\/wp-content\/uploads\/2020\/10\/12670155_114435128943269_11436476516478639_n.jpg\" alt=\"\" data-id=\"982\" data-link=\"http:\/\/salgadoaluminios.com\/?attachment_id=982\" class=\"wp-image-982\" srcset=\"https:\/\/salgadoaluminios.com\/wp-content\/uploads\/2020\/10\/12670155_114435128943269_11436476516478639_n.jpg 640w, https:\/\/salgadoaluminios.com\/wp-content\/uploads\/2020\/10\/12670155_114435128943269_11436476516478639_n-300x225.jpg 300w, https:\/\/salgadoaluminios.com\/wp-content\/uploads\/2020\/10\/12670155_114435128943269_11436476516478639_n-600x450.jpg 600w\" sizes=\"auto, (max-width: 640px) 100vw, 640px\" \/><\/figure><\/li><li class=\"blocks-gallery-item\"><figure><img loading=\"lazy\" decoding=\"async\" width=\"960\" height=\"720\" src=\"http:\/\/salgadoaluminios.com\/wp-content\/uploads\/2020\/10\/12698495_114441595609289_314728831819770171_o.jpg\" alt=\"\" data-id=\"981\" data-link=\"http:\/\/salgadoaluminios.com\/?attachment_id=981\" class=\"wp-image-981\" srcset=\"https:\/\/salgadoaluminios.com\/wp-content\/uploads\/2020\/10\/12698495_114441595609289_314728831819770171_o.jpg 960w, https:\/\/salgadoaluminios.com\/wp-content\/uploads\/2020\/10\/12698495_114441595609289_314728831819770171_o-300x225.jpg 300w, https:\/\/salgadoaluminios.com\/wp-content\/uploads\/2020\/10\/12698495_114441595609289_314728831819770171_o-768x576.jpg 768w, https:\/\/salgadoaluminios.com\/wp-content\/uploads\/2020\/10\/12698495_114441595609289_314728831819770171_o-600x450.jpg 600w\" sizes=\"auto, (max-width: 960px) 100vw, 960px\" \/><\/figure><\/li><\/ul><\/figure>\n","protected":false},"excerpt":{"rendered":"<p>Un&nbsp;muro cortina&nbsp;es un sistema de&nbsp;fachada&nbsp;autoportante, generalmente ligera y acristalada, independiente de la&nbsp;estructura&nbsp;resistente del&nbsp;edificio, que se construye de forma continua por delante de ella. Un muro cortina est\u00e1 dise\u00f1ado para resistir la&nbsp;fuerza&nbsp;del&nbsp;viento, as\u00ed como su propio peso, y transmitirla a los&nbsp;forjados. Generalmente los muros cortina se construyen mediante la repetici\u00f3n de un elemento prefabricado modulado que&hellip; <a href=\"https:\/\/salgadoaluminios.com\/?page_id=972\" class=\"more-link\">Seguir leyendo <span class=\"screen-reader-text\">MURO DE CORTINA<\/span><\/a><\/p>\n","protected":false},"author":1,"featured_media":0,"parent":0,"menu_order":0,"comment_status":"closed","ping_status":"closed","template":"","meta":{"footnotes":""},"tags":[],"class_list":["post-972","page","type-page","status-publish","hentry","without-featured-image"],"jetpack_sharing_enabled":true,"_links":{"self":[{"href":"https:\/\/salgadoaluminios.com\/index.php?rest_route=\/wp\/v2\/pages\/972","targetHints":{"allow":["GET"]}}],"collection":[{"href":"https:\/\/salgadoaluminios.com\/index.php?rest_route=\/wp\/v2\/pages"}],"about":[{"href":"https:\/\/salgadoaluminios.com\/index.php?rest_route=\/wp\/v2\/types\/page"}],"author":[{"embeddable":true,"href":"https:\/\/salgadoaluminios.com\/index.php?rest_route=\/wp\/v2\/users\/1"}],"replies":[{"embeddable":true,"href":"https:\/\/salgadoaluminios.com\/index.php?rest_route=%2Fwp%2Fv2%2Fcomments&post=972"}],"version-history":[{"count":3,"href":"https:\/\/salgadoaluminios.com\/index.php?rest_route=\/wp\/v2\/pages\/972\/revisions"}],"predecessor-version":[{"id":1280,"href":"https:\/\/salgadoaluminios.com\/index.php?rest_route=\/wp\/v2\/pages\/972\/revisions\/1280"}],"wp:attachment":[{"href":"https:\/\/salgadoaluminios.com\/index.php?rest_route=%2Fwp%2Fv2%2Fmedia&parent=972"}],"wp:term":[{"taxonomy":"post_tag","embeddable":true,"href":"https:\/\/salgadoaluminios.com\/index.php?rest_route=%2Fwp%2Fv2%2Ftags&post=972"}],"curies":[{"name":"wp","href":"https:\/\/api.w.org\/{rel}","templated":true}]}}