{"id":716,"date":"2020-10-23T23:09:03","date_gmt":"2020-10-23T23:09:03","guid":{"rendered":"http:\/\/salgadoaluminios.com\/?page_id=716"},"modified":"2020-11-15T19:11:49","modified_gmt":"2020-11-15T19:11:49","slug":"inicio","status":"publish","type":"page","link":"http:\/\/salgadoaluminios.com\/","title":{"rendered":"QUI\u00c9NES SOMOS"},"content":{"rendered":"\n<div class=\"wp-block-image is-style-rounded\"><figure class=\"aligncenter size-large\"><img loading=\"lazy\" decoding=\"async\" width=\"570\" height=\"427\" src=\"http:\/\/salgadoaluminios.com\/wp-content\/uploads\/2020\/10\/IMG_6733.jpg\" alt=\"\" class=\"wp-image-717\" srcset=\"http:\/\/salgadoaluminios.com\/wp-content\/uploads\/2020\/10\/IMG_6733.jpg 570w, http:\/\/salgadoaluminios.com\/wp-content\/uploads\/2020\/10\/IMG_6733-300x225.jpg 300w\" sizes=\"auto, (max-width: 570px) 100vw, 570px\" \/><\/figure><\/div>\n\n\n\n<p id=\"block-e1f4dd25-2023-4c4e-889f-333fa43541d7\" style=\"font-size:18px\"><strong> CARPINTER\u00cdA DE ALUMINIO Y PVC SALGADO  <\/strong>es una empresa familiar que  ha pasado de padres a hijos, y que cuenta con m\u00e1s de cincuenta a\u00f1os de experiencia en el sector.<\/p>\n\n\n\n<p id=\"block-6561df11-9550-4e0a-8015-410a434e150c\" style=\"font-size:18px\">Nos manteniendos a la vanguardia de las nuevas tecnolog\u00edas especializados en todo tipo de aluminios y PVC.<\/p>\n\n\n\n<p id=\"block-6561df11-9550-4e0a-8015-410a434e150c\" style=\"font-size:18px\"> Realizamos cerramientos de porches, muro de cortina, ventanas y puertas tanto de rotura de puente termico como sin ella, ventanas y puertas de pvc, puertas seccionables, todo tipo de automatismos puertas r\u00e1pidas.<\/p>\n\n\n\n<p id=\"block-19882fad-5e45-46e7-b645-685ca0196e1c\" style=\"font-size:18px\">Ofrecemos  una atenci\u00f3n personalizada, y nos ajustamos a las necesidades de cada cliente.<\/p>\n\n\n\n<p id=\"block-19882fad-5e45-46e7-b645-685ca0196e1c\" style=\"font-size:18px\">Para mas informacion no dude en ponerse en contacto con nosotros<\/p>\n\n\n\n<p class=\"has-text-align-left\"><strong>Horario<\/strong><\/p>\n\n\n\n<p class=\"has-text-align-left\">Lunes a Jueves:<\/p>\n\n\n\n<p class=\"has-text-align-left\">Ma\u00f1ana: 8,30 a 13,30<\/p>\n\n\n\n<p class=\"has-text-align-left\">tarde: 15,30 a 19,30<\/p>\n\n\n\n<p class=\"has-text-align-left\">Viernes:<\/p>\n\n\n\n<p class=\"has-text-align-left\">Ma\u00f1ana: 8,30 a 13,30<\/p>\n\n\n\n<p class=\"has-text-align-left\">Tarde: Cerrado<\/p>\n\n\n\n<p class=\"has-text-align-left\">Sabado y Domingo: cerrado<\/p>\n","protected":false},"excerpt":{"rendered":"<p>CARPINTER\u00cdA DE ALUMINIO Y PVC SALGADO es una empresa familiar que ha pasado de padres a hijos, y que cuenta con m\u00e1s de cincuenta a\u00f1os de experiencia en el sector. Nos manteniendos a la vanguardia de las nuevas tecnolog\u00edas especializados en todo tipo de aluminios y PVC. Realizamos cerramientos de porches, muro de cortina, ventanas&hellip; <a href=\"http:\/\/salgadoaluminios.com\/\" class=\"more-link\">Seguir leyendo <span class=\"screen-reader-text\">QUI\u00c9NES SOMOS<\/span><\/a><\/p>\n","protected":false},"author":1,"featured_media":0,"parent":0,"menu_order":0,"comment_status":"closed","ping_status":"closed","template":"","meta":{"footnotes":""},"tags":[],"class_list":["post-716","page","type-page","status-publish","hentry","without-featured-image"],"jetpack_sharing_enabled":true,"_links":{"self":[{"href":"http:\/\/salgadoaluminios.com\/index.php?rest_route=\/wp\/v2\/pages\/716","targetHints":{"allow":["GET"]}}],"collection":[{"href":"http:\/\/salgadoaluminios.com\/index.php?rest_route=\/wp\/v2\/pages"}],"about":[{"href":"http:\/\/salgadoaluminios.com\/index.php?rest_route=\/wp\/v2\/types\/page"}],"author":[{"embeddable":true,"href":"http:\/\/salgadoaluminios.com\/index.php?rest_route=\/wp\/v2\/users\/1"}],"replies":[{"embeddable":true,"href":"http:\/\/salgadoaluminios.com\/index.php?rest_route=%2Fwp%2Fv2%2Fcomments&post=716"}],"version-history":[{"count":11,"href":"http:\/\/salgadoaluminios.com\/index.php?rest_route=\/wp\/v2\/pages\/716\/revisions"}],"predecessor-version":[{"id":1467,"href":"http:\/\/salgadoaluminios.com\/index.php?rest_route=\/wp\/v2\/pages\/716\/revisions\/1467"}],"wp:attachment":[{"href":"http:\/\/salgadoaluminios.com\/index.php?rest_route=%2Fwp%2Fv2%2Fmedia&parent=716"}],"wp:term":[{"taxonomy":"post_tag","embeddable":true,"href":"http:\/\/salgadoaluminios.com\/index.php?rest_route=%2Fwp%2Fv2%2Ftags&post=716"}],"curies":[{"name":"wp","href":"https:\/\/api.w.org\/{rel}","templated":true}]}}